{"id":3,"date":"2023-01-30T21:41:12","date_gmt":"2023-01-30T20:41:12","guid":{"rendered":"https:\/\/frizzipozitiv.sk\/?page_id=3"},"modified":"2025-06-30T20:29:06","modified_gmt":"2025-06-30T18:29:06","slug":"zasady-ochrany-osobnych-udajov-a-cookies","status":"publish","type":"page","link":"https:\/\/frizzipozitiv.sk\/?page_id=3","title":{"rendered":"Z\u00e1sady ochrany osobn\u00fdch \u00fadajov a cookies"},"content":{"rendered":"<div class=\"fusion-fullwidth fullwidth-box fusion-builder-row-1 fusion-flex-container nonhundred-percent-fullwidth non-hundred-percent-height-scrolling\" style=\"--awb-border-radius-top-left:0px;--awb-border-radius-top-right:0px;--awb-border-radius-bottom-right:0px;--awb-border-radius-bottom-left:0px;\" ><div class=\"fusion-builder-row fusion-row fusion-flex-align-items-flex-start\" style=\"max-width:1430px;margin-left: calc(-4% \/ 2 );margin-right: calc(-4% \/ 2 );\"><div class=\"fusion-layout-column fusion_builder_column fusion-builder-column-0 fusion_builder_column_1_1 1_1 fusion-flex-column\" style=\"--awb-bg-size:cover;--awb-width-large:100%;--awb-margin-top-large:0px;--awb-spacing-right-large:1.92%;--awb-margin-bottom-large:0px;--awb-spacing-left-large:1.92%;--awb-width-medium:100%;--awb-spacing-right-medium:1.92%;--awb-spacing-left-medium:1.92%;--awb-width-small:100%;--awb-spacing-right-small:1.92%;--awb-spacing-left-small:1.92%;\"><div class=\"fusion-column-wrapper fusion-flex-justify-content-flex-start fusion-content-layout-column\"><div class=\"fusion-text fusion-text-1\"><\/p>\n<h2 class=\"fusion-responsive-typography-calculated\" style=\"--fontsize: 31; line-height: 1.2; --fontSize: 31;\" data-fontsize=\"31\" data-lineheight=\"37.2px\"><span class=\"jCAhz ChMk0b\"><span class=\"ryNqvb\">S\u00fabory cookies<br><\/span><\/span><\/h2>\n<p><span class=\"jCAhz ChMk0b\"><span class=\"ryNqvb\">Pri n\u00e1v\u0161teve a pou\u017e\u00edvan\u00ed webov\u00fdch str\u00e1nok www.frizzipozitiv.sk (\u201eWebov\u00e9 str\u00e1nky\u201c) sa vo va\u0161om zariaden\u00ed aktivuj\u00fa cookies alebo in\u00e9 technol\u00f3gie, ako s\u00fa pixely (\u010falej spolo\u010dne \u201ecookies\u201c).<\/span><\/span> <span class=\"jCAhz ChMk0b\"><span class=\"ryNqvb\">Cookies s\u00fa obsahovo mal\u00e9 s\u00fabory, ktor\u00e9 sl\u00fa\u017eia na ukladanie a prij\u00edmanie identifik\u00e1torov a \u010fal\u0161\u00edch inform\u00e1ci\u00ed o po\u010d\u00edta\u010doch, telef\u00f3noch a in\u00fdch zariaden\u00ed, z ktor\u00fdch pristupujete na webov\u00e9 str\u00e1nky, a pom\u00e1haj\u00fa n\u00e1m tak poskytova\u0165, chr\u00e1ni\u0165 a zlep\u0161ova\u0165 pon\u00fakan\u00e9 slu\u017eby.<\/span><\/span> <span class=\"jCAhz ChMk0b\"><span class=\"ryNqvb\">Pou\u017e\u00edvanie cookies n\u00e1m umo\u017en\u00ed pon\u00faknu\u0165 v\u00e1m tak\u00fd obsah a slu\u017eby, ktor\u00e9 najlep\u0161ie zodpovedaj\u00fa Va\u0161im potreb\u00e1m a z\u00e1ujmom.<\/span><\/span> <span class=\"jCAhz ChMk0b\"><span class=\"ryNqvb\">Cookies umo\u017e\u0148uj\u00fa zaznamena\u0165 inform\u00e1cie o Va\u0161ej n\u00e1v\u0161teve Webov\u00fdch str\u00e1nok a v\u010faka ich pou\u017e\u00edvaniu tak bude Va\u0161a \u010fal\u0161ia n\u00e1v\u0161teva jednoduch\u0161ia a r\u00fdchlej\u0161ia.<\/span><\/span><\/p>\n<p><span class=\"jCAhz ChMk0b\"><span class=\"ryNqvb\"> <\/span><\/span><\/p>\n<\/p>\n<p><b>Nevyhnutn\u00e9 cookies<\/b><\/p>\n<p>Pri n\u00e1v\u0161teve a pou\u017e\u00edvan\u00ed Webov\u00fdch str\u00e1nok iba na informa\u010dn\u00e9 \u00fa\u010dely, tj pokia\u013e sa nezaregistrujete alebo n\u00e1m neudel\u00edte s\u00fahlas, zhroma\u017e\u010fujeme iba osobn\u00e9 \u00fadaje, ktor\u00e9 V\u00e1\u0161 prehliada\u010d odovzd\u00e1va na n\u00e1\u0161 server, \u010do je nevyhnutn\u00e9, aby sme V\u00e1m mohli zobrazi\u0165 Webov\u00e9 str\u00e1nky a zaru\u010di\u0165 V\u00e1m stabilitu a bezpe\u010dnos\u0165 ich u\u017e\u00edvanie.<\/p>\n<\/p>\n<p><b>Z\u00e1kladn\u00e9 analytick\u00e9 cookies<\/b><\/p>\n<p>Tieto cookies sl\u00fa\u017eia na zlep\u0161enie fungovania Webov\u00fdch str\u00e1nok. Umo\u017e\u0148uj\u00fa n\u00e1m rozpozna\u0165 a zisti\u0165 po\u010det n\u00e1v\u0161tevn\u00edkov a sledova\u0165, ako n\u00e1v\u0161tevn\u00edci pou\u017e\u00edvaj\u00fa Webov\u00e9 str\u00e1nky. Pom\u00e1haj\u00fa n\u00e1m zlep\u0161ova\u0165 sp\u00f4sob, ak\u00fdm Webov\u00e9 str\u00e1nky funguj\u00fa, napr\u00edklad tak, \u017ee umo\u017e\u0148uj\u00fa pou\u017e\u00edvate\u013eom \u013eahko n\u00e1js\u0165 to, \u010do h\u013eadaj\u00fa. Tieto cookies nezhroma\u017e\u010fuj\u00fa inform\u00e1cie, ktor\u00e9 by dok\u00e1zali identifikova\u0165 Va\u0161u osobu. Pomocou t\u00fdchto n\u00e1strojov analyzujeme a pravidelne zlep\u0161ujeme funkcionalitu na\u0161ich Webov\u00fdch str\u00e1nok. Z\u00edskan\u00e9 \u0161tatistiky m\u00f4\u017eeme pou\u017ei\u0165 na zlep\u0161enie u\u017e\u00edvate\u013esk\u00e9ho komfortu a aby sme urobili Va\u0161u n\u00e1v\u0161tevu Webov\u00fdch str\u00e1nok zauj\u00edmavej\u0161ou pre V\u00e1s ako pou\u017e\u00edvate\u013ea.<\/p>\n<\/p>\n<p><b> <span style=\"color: var(--awb-text-color); font-family: var(--awb-text-font-family); font-size: var(--awb-font-size); font-style: var(--awb-text-font-style); letter-spacing: var(--awb-letter-spacing); text-align: var(--awb-content-alignment); text-transform: var(--awb-text-transform); background-color: var(--awb-bg-color);\">Ako m\u00f4\u017eete nastavi\u0165 cookies<\/span><\/b><\/p>\n<p>S\u00fabory cookies m\u00f4\u017eete nastavi\u0165 prostredn\u00edctvom na\u0161ej cookies li\u0161ty. Zmenu nastavenia m\u00f4\u017eete kedyko\u013evek zmeni\u0165 prostredn\u00edctvom odkazu trvalo umiestnen\u00e9ho na Webov\u00fdch str\u00e1nkach. Pokia\u013e n\u00e1m ale nepovol\u00edte pou\u017eitie z\u00e1kladn\u00fdch cookies, niektor\u00e9 funkcie Webov\u00fdch str\u00e1nok nemusia fungova\u0165 tak, ako by mali.<\/p>\n<p>S\u00fabory cookies m\u00f4\u017eete tie\u017e v\u0161eobecne odmietnu\u0165 alebo si nastavi\u0165 aktiv\u00e1ciu len niektor\u00fdch (v z\u00e1vislosti od typu prehliada\u010da) prostredn\u00edctvom svojho internetov\u00e9ho prehliada\u010da. Nastavenie s\u00faborov cookies v naj\u010dastej\u0161ie pou\u017e\u00edvan\u00fdch prehliada\u010doch n\u00e1jdete na nasleduj\u00facich odkazoch:<\/p>\n<ul>\n<li><a href=\"https:\/\/support.google.com\/chrome\/answer\/95647?hl=sk&amp;co=GENIE.Platform%3DDesktop\">Chrome<\/a><\/li>\n<li><a href=\"https:\/\/support.mozilla.org\/cs\/kb\/vymazani-cookies-dat-stranek\">Firefox<\/a><\/li>\n<li><a href=\"https:\/\/support.microsoft.com\/cs-cz\/topic\/odstran\u011bn\u00ed-soubor\u016f-cookie-v-aplikaci-internet-explorer-bca9446f-d873-78de-77ba-d42645fa52fc\">Internet Explorer<\/a><\/li>\n<li><a href=\"https:\/\/blogs.opera.com\/news\/2015\/08\/how-to-manage-cookies-in-opera\/\">Opera<\/a><\/li>\n<li><a href=\"https:\/\/support.microsoft.com\/cs-cz\/microsoft-edge\/odstran\u011bn\u00ed-soubor\u016f-cookie-v-aplikaci-microsoft-edge-63947406-40ac-c3b8-57b9-2a946a29ae09\">Microsoft Edge<\/a><\/li>\n<\/ul>\n<p><strong>Soci\u00e1lne siete<\/strong><\/p>\n<p>Tla\u010didl\u00e1 soci\u00e1lnych siet\u00ed s\u00fa na na\u0161ich Webov\u00fdch str\u00e1nkach umiestnen\u00e9, najm\u00e4 pre mo\u017enos\u0165 interakcie so soci\u00e1lnymi sie\u0165ami, aby sme webov\u00e9 str\u00e1nky urobili zauj\u00edmavej\u0161ie pre V\u00e1s ako u\u017e\u00edvate\u013eov. Spojenie s pr\u00edslu\u0161nou soci\u00e1lnou sie\u0165ou nastane, iba ak akt\u00edvne kliknete na pr\u00edslu\u0161n\u00e9 tla\u010didlo. V tomto pr\u00edpade V\u00e1\u0161 webov\u00fd prehliada\u010d za\u010dne pripojenie k serverom pr\u00edslu\u0161nej soci\u00e1lnej siete.<\/p>\n<p>_______________________________________<\/p>\n<p>Vy\u017eitie cookies m\u00f4\u017eeme v z\u00e1vislosti na dostupn\u00fdch technol\u00f3gi\u00e1ch a za \u00fa\u010delom zlep\u0161ovania u\u017e\u00edvate\u013esk\u00e9ho komfortu a informovanosti meni\u0165, preto si v pr\u00edpade z\u00e1ujmu toto pou\u010denie \u010das od \u010dasu op\u00e4\u0165 pre\u010d\u00edtajte.<\/p>\n<p>Pre \u010fal\u0161ie inform\u00e1cie o spracovan\u00ed osobn\u00fdch \u00fadajov nav\u0161t\u00edvte na\u0161u str\u00e1nku Z\u00e1sady spracovania osobn\u00fdch \u00fadajov.<\/p>\n<p>Zmeny je kedyko\u013evek mo\u017en\u00e9 vykona\u0165 v nastaveniach cookies, ktor\u00e9 sa otvoria po klikut\u00ed modrej ikony v \u013eavom rohu Va\u0161ej obrazovky.<\/p><\/p>\n<\/div><div class=\"fusion-text fusion-text-2\" style=\"--awb-margin-top:25px;\"><h2 class=\"fusion-responsive-typography-calculated\" style=\"--fontsize: 31; line-height: 1.2; --fontSize:31;\" data-fontsize=\"31\" data-lineheight=\"37.2px\"><\/h2>\n<h2 class=\"fusion-responsive-typography-calculated\" style=\"--fontsize: 31; line-height: 1.2; --fontSize:31;\" data-fontsize=\"31\" data-lineheight=\"37.2px\"><\/h2>\n<h2 class=\"fusion-responsive-typography-calculated\" style=\"--fontsize: 31; line-height: 1.2; --fontSize:31;\" data-fontsize=\"31\" data-lineheight=\"37.2px\">Z\u00c1SADY OCHRANY OSOBN\u00ddCH \u00faDAJOV<\/h2>\n<p class=\"fusion-responsive-typography-calculated\" style=\"--fontsize: 31; line-height: 1.2;\" data-fontsize=\"31\" data-lineheight=\"37.2px\"><strong>S k\u00fdm zdie\u013eame va\u0161e \u00fadaje<\/strong><\/p>\n<\/p>\n<p>S Va\u0161im s\u00fahlasom, t.j. kliknut\u00edm na \u201ePrija\u0165 v\u0161etky\u201c, bud\u00fa pou\u017eit\u00e9 s\u00fabory cookies poskytovate\u013eov tret\u00edch str\u00e1n a zhroma\u017e\u010fovan\u00e9 \u00fadaje o n\u00e1v\u0161tevnosti a pou\u017e\u00edvan\u00ed. Tak\u00fdto s\u00fahlas zah\u0155\u0148a aj V\u00e1\u0161 s\u00fahlas s prenosom osobn\u00fdch \u00fadajov do kraj\u00edn mimo Eur\u00f3pskej \u00fanie (niekedy aj do USA) pod\u013ea \u010dl\u00e1nku 49 V\u0161eobecn\u00e9ho nariadenia o ochrane \u00fadajov (GDPR). Krajiny USA neboli certifikovan\u00e9 S\u00fadnym dvorom E\u00da ako krajiny maj\u00face dostato\u010dn\u00fa \u00farove\u0148 ochrany. Najm\u00e4 existuje riziko, \u017ee Va\u0161e \u00fadaje m\u00f4\u017eu by\u0165 predmetom pr\u00edstupu zo strany org\u00e1nov USA na \u00fa\u010dely kontroly a monitorovania, a \u017ee proti tak\u00e9muto konaniu neexistuj\u00fa \u017eiadne \u00fa\u010dinn\u00e9 pr\u00e1vne prostriedky n\u00e1pravy. Ak udel\u00edte V\u00e1\u0161 s\u00fahlas, m\u00f4\u017eete tento kedyko\u013evek odvola\u0165, s \u00fa\u010dinnos\u0165ou do bud\u00facnosti.<\/p>\n<\/p>\n<p class=\"fusion-responsive-typography-calculated\" style=\"--fontsize: 31; line-height: 1.2;\" data-fontsize=\"31\" data-lineheight=\"37.2px\"><strong><br \/><\/strong><\/p>\n<p class=\"fusion-responsive-typography-calculated\" style=\"--fontsize: 31; line-height: 1.2;\" data-fontsize=\"31\" data-lineheight=\"37.2px\"><strong>Ak\u00e9 pr\u00e1va m\u00e1te nad svojimi \u00fadajmi<\/strong><\/p>\n<\/p>\n<p>Ak na tejto webovej str\u00e1nke m\u00e1te \u00fa\u010det, pridali ste tu  koment\u00e1r, \u010di odoslali kontaktn\u00fd formul\u00e1r, m\u00f4\u017eete po\u017eiada\u0165 o export va\u0161ich osobn\u00fdch \u00fadajov, ktor\u00e9 o v\u00e1s uklad\u00e1me, vr\u00e1tane \u00fadajov, ktor\u00e9 ste n\u00e1m poskytli. M\u00f4\u017eete tak isto po\u017eiada\u0165 o vymazanie osobn\u00fdch \u00fadajov. To sa ale net\u00fdka \u00fadajov, ktor\u00e9 o v\u00e1s mus\u00edme uchov\u00e1va\u0165 z administrat\u00edvnych, pr\u00e1vnych alebo bezpe\u010dnostn\u00fdch d\u00f4vodov.<\/p>\n<\/p>\n<p class=\"fusion-responsive-typography-calculated\" style=\"--fontsize: 31; line-height: 1.2;\" data-fontsize=\"31\" data-lineheight=\"37.2px\"><strong><br \/><\/strong><\/p>\n<p class=\"fusion-responsive-typography-calculated\" style=\"--fontsize: 31; line-height: 1.2;\" data-fontsize=\"31\" data-lineheight=\"37.2px\"><strong>Kam sa va\u0161e \u00fadaje odosielaj\u00fa<\/strong><\/p>\n<\/p>\n<p>Spr\u00e1vy n\u00e1v\u0161tevn\u00edkov, odoslan\u00e9 cez kontaktn\u00fd formul\u00e1r, m\u00f4\u017eu by\u0165 kontrolovan\u00e9 prostredn\u00edctvom automatizovanej slu\u017eby na detekciu spamu. Spr\u00e1vy sa \u010falej uchov\u00e1vaj\u00fa na na\u0161om emailovom servery. <\/p>\n<\/div><\/div><\/div><\/div><\/div>","protected":false},"excerpt":{"rendered":"","protected":false},"author":1,"featured_media":0,"parent":0,"menu_order":0,"comment_status":"closed","ping_status":"closed","template":"","meta":{"inline_featured_image":false},"yoast_head":"<!-- This site is optimized with the Yoast SEO plugin v20.6 - https:\/\/yoast.com\/wordpress\/plugins\/seo\/ -->\n<title>Z\u00e1sady ochrany osobn\u00fdch \u00fadajov a cookies - Frizz-i Pozitiv<\/title>\n<meta name=\"robots\" content=\"index, follow, max-snippet:-1, max-image-preview:large, max-video-preview:-1\" \/>\n<link rel=\"canonical\" href=\"https:\/\/frizzipozitiv.sk\/?page_id=3\" \/>\n<meta property=\"og:locale\" content=\"sk_SK\" \/>\n<meta property=\"og:type\" content=\"article\" \/>\n<meta property=\"og:title\" content=\"Z\u00e1sady ochrany osobn\u00fdch \u00fadajov a cookies - Frizz-i Pozitiv\" \/>\n<meta property=\"og:url\" content=\"https:\/\/frizzipozitiv.sk\/?page_id=3\" \/>\n<meta property=\"og:site_name\" content=\"Frizz-i Pozitiv\" \/>\n<meta property=\"article:modified_time\" content=\"2025-06-30T18:29:06+00:00\" \/>\n<meta name=\"twitter:card\" content=\"summary_large_image\" \/>\n<meta name=\"twitter:label1\" content=\"Predpokladan\u00fd \u010das \u010d\u00edtania\" \/>\n\t<meta name=\"twitter:data1\" content=\"5 min\u00fat\" \/>\n<script type=\"application\/ld+json\" class=\"yoast-schema-graph\">{\"@context\":\"https:\/\/schema.org\",\"@graph\":[{\"@type\":\"WebPage\",\"@id\":\"https:\/\/frizzipozitiv.sk\/?page_id=3\",\"url\":\"https:\/\/frizzipozitiv.sk\/?page_id=3\",\"name\":\"Z\u00e1sady ochrany osobn\u00fdch \u00fadajov a cookies - Frizz-i Pozitiv\",\"isPartOf\":{\"@id\":\"https:\/\/frizzipozitiv.sk\/#website\"},\"datePublished\":\"2023-01-30T20:41:12+00:00\",\"dateModified\":\"2025-06-30T18:29:06+00:00\",\"breadcrumb\":{\"@id\":\"https:\/\/frizzipozitiv.sk\/?page_id=3#breadcrumb\"},\"inLanguage\":\"sk-SK\",\"potentialAction\":[{\"@type\":\"ReadAction\",\"target\":[\"https:\/\/frizzipozitiv.sk\/?page_id=3\"]}]},{\"@type\":\"BreadcrumbList\",\"@id\":\"https:\/\/frizzipozitiv.sk\/?page_id=3#breadcrumb\",\"itemListElement\":[{\"@type\":\"ListItem\",\"position\":1,\"name\":\"Home\",\"item\":\"https:\/\/frizzipozitiv.sk\/\"},{\"@type\":\"ListItem\",\"position\":2,\"name\":\"Z\u00e1sady ochrany osobn\u00fdch \u00fadajov a cookies\"}]},{\"@type\":\"WebSite\",\"@id\":\"https:\/\/frizzipozitiv.sk\/#website\",\"url\":\"https:\/\/frizzipozitiv.sk\/\",\"name\":\"Frizz-i Pozitiv\",\"description\":\"Kde bublinky stret\u00e1vaj\u00fa z\u00e1bavu\",\"publisher\":{\"@id\":\"https:\/\/frizzipozitiv.sk\/#organization\"},\"potentialAction\":[{\"@type\":\"SearchAction\",\"target\":{\"@type\":\"EntryPoint\",\"urlTemplate\":\"https:\/\/frizzipozitiv.sk\/?s={search_term_string}\"},\"query-input\":\"required name=search_term_string\"}],\"inLanguage\":\"sk-SK\"},{\"@type\":\"Organization\",\"@id\":\"https:\/\/frizzipozitiv.sk\/#organization\",\"name\":\"Prosecco Pozitiv - Bar\",\"url\":\"https:\/\/frizzipozitiv.sk\/\",\"logo\":{\"@type\":\"ImageObject\",\"inLanguage\":\"sk-SK\",\"@id\":\"https:\/\/frizzipozitiv.sk\/#\/schema\/logo\/image\/\",\"url\":\"https:\/\/frizzipozitiv.sk\/wp-content\/uploads\/2023\/02\/logo-prosecco-\u2013-v2.png\",\"contentUrl\":\"https:\/\/frizzipozitiv.sk\/wp-content\/uploads\/2023\/02\/logo-prosecco-\u2013-v2.png\",\"width\":600,\"height\":600,\"caption\":\"Prosecco Pozitiv - Bar\"},\"image\":{\"@id\":\"https:\/\/frizzipozitiv.sk\/#\/schema\/logo\/image\/\"}}]}<\/script>\n<!-- \/ Yoast SEO plugin. -->","yoast_head_json":{"title":"Z\u00e1sady ochrany osobn\u00fdch \u00fadajov a cookies - Frizz-i Pozitiv","robots":{"index":"index","follow":"follow","max-snippet":"max-snippet:-1","max-image-preview":"max-image-preview:large","max-video-preview":"max-video-preview:-1"},"canonical":"https:\/\/frizzipozitiv.sk\/?page_id=3","og_locale":"sk_SK","og_type":"article","og_title":"Z\u00e1sady ochrany osobn\u00fdch \u00fadajov a cookies - Frizz-i Pozitiv","og_url":"https:\/\/frizzipozitiv.sk\/?page_id=3","og_site_name":"Frizz-i Pozitiv","article_modified_time":"2025-06-30T18:29:06+00:00","twitter_card":"summary_large_image","twitter_misc":{"Predpokladan\u00fd \u010das \u010d\u00edtania":"5 min\u00fat"},"schema":{"@context":"https:\/\/schema.org","@graph":[{"@type":"WebPage","@id":"https:\/\/frizzipozitiv.sk\/?page_id=3","url":"https:\/\/frizzipozitiv.sk\/?page_id=3","name":"Z\u00e1sady ochrany osobn\u00fdch \u00fadajov a cookies - Frizz-i Pozitiv","isPartOf":{"@id":"https:\/\/frizzipozitiv.sk\/#website"},"datePublished":"2023-01-30T20:41:12+00:00","dateModified":"2025-06-30T18:29:06+00:00","breadcrumb":{"@id":"https:\/\/frizzipozitiv.sk\/?page_id=3#breadcrumb"},"inLanguage":"sk-SK","potentialAction":[{"@type":"ReadAction","target":["https:\/\/frizzipozitiv.sk\/?page_id=3"]}]},{"@type":"BreadcrumbList","@id":"https:\/\/frizzipozitiv.sk\/?page_id=3#breadcrumb","itemListElement":[{"@type":"ListItem","position":1,"name":"Home","item":"https:\/\/frizzipozitiv.sk\/"},{"@type":"ListItem","position":2,"name":"Z\u00e1sady ochrany osobn\u00fdch \u00fadajov a cookies"}]},{"@type":"WebSite","@id":"https:\/\/frizzipozitiv.sk\/#website","url":"https:\/\/frizzipozitiv.sk\/","name":"Frizz-i Pozitiv","description":"Kde bublinky stret\u00e1vaj\u00fa z\u00e1bavu","publisher":{"@id":"https:\/\/frizzipozitiv.sk\/#organization"},"potentialAction":[{"@type":"SearchAction","target":{"@type":"EntryPoint","urlTemplate":"https:\/\/frizzipozitiv.sk\/?s={search_term_string}"},"query-input":"required name=search_term_string"}],"inLanguage":"sk-SK"},{"@type":"Organization","@id":"https:\/\/frizzipozitiv.sk\/#organization","name":"Prosecco Pozitiv - Bar","url":"https:\/\/frizzipozitiv.sk\/","logo":{"@type":"ImageObject","inLanguage":"sk-SK","@id":"https:\/\/frizzipozitiv.sk\/#\/schema\/logo\/image\/","url":"https:\/\/frizzipozitiv.sk\/wp-content\/uploads\/2023\/02\/logo-prosecco-\u2013-v2.png","contentUrl":"https:\/\/frizzipozitiv.sk\/wp-content\/uploads\/2023\/02\/logo-prosecco-\u2013-v2.png","width":600,"height":600,"caption":"Prosecco Pozitiv - Bar"},"image":{"@id":"https:\/\/frizzipozitiv.sk\/#\/schema\/logo\/image\/"}}]}},"_links":{"self":[{"href":"https:\/\/frizzipozitiv.sk\/index.php?rest_route=\/wp\/v2\/pages\/3"}],"collection":[{"href":"https:\/\/frizzipozitiv.sk\/index.php?rest_route=\/wp\/v2\/pages"}],"about":[{"href":"https:\/\/frizzipozitiv.sk\/index.php?rest_route=\/wp\/v2\/types\/page"}],"author":[{"embeddable":true,"href":"https:\/\/frizzipozitiv.sk\/index.php?rest_route=\/wp\/v2\/users\/1"}],"replies":[{"embeddable":true,"href":"https:\/\/frizzipozitiv.sk\/index.php?rest_route=%2Fwp%2Fv2%2Fcomments&post=3"}],"version-history":[{"count":6,"href":"https:\/\/frizzipozitiv.sk\/index.php?rest_route=\/wp\/v2\/pages\/3\/revisions"}],"predecessor-version":[{"id":5524,"href":"https:\/\/frizzipozitiv.sk\/index.php?rest_route=\/wp\/v2\/pages\/3\/revisions\/5524"}],"wp:attachment":[{"href":"https:\/\/frizzipozitiv.sk\/index.php?rest_route=%2Fwp%2Fv2%2Fmedia&parent=3"}],"curies":[{"name":"wp","href":"https:\/\/api.w.org\/{rel}","templated":true}]}}